{"id":283,"date":"2017-09-15T17:06:46","date_gmt":"2017-09-15T15:06:46","guid":{"rendered":"https:\/\/pes-cotedor.fr\/arc-sur-tille\/?page_id=283"},"modified":"2019-03-03T19:29:04","modified_gmt":"2019-03-03T18:29:04","slug":"rdv-osteopathie","status":"publish","type":"page","link":"https:\/\/pes-cotedor.fr\/arc-sur-tille\/rdv-osteopathie\/","title":{"rendered":"RDV Ost\u00e9opathie"},"content":{"rendered":"<div class=\"fusion-fullwidth fullwidth-box fusion-builder-row-1 nonhundred-percent-fullwidth non-hundred-percent-height-scrolling\" style=\"--awb-border-radius-top-left:0px;--awb-border-radius-top-right:0px;--awb-border-radius-bottom-right:0px;--awb-border-radius-bottom-left:0px;\" ><div class=\"fusion-builder-row fusion-row\"><div class=\"fusion-layout-column fusion_builder_column fusion-builder-column-0 fusion_builder_column_1_1 1_1 fusion-one-full fusion-column-first fusion-column-last\" style=\"--awb-bg-size:cover;--awb-margin-top:0px;--awb-margin-bottom:0px;\"><div class=\"fusion-column-wrapper fusion-flex-column-wrapper-legacy\"><div class=\"fusion-title title fusion-title-1 fusion-title-center fusion-title-text fusion-title-size-one\"><div class=\"title-sep-container title-sep-container-left\"><div class=\"title-sep sep-double sep-solid\" style=\"border-color:#e0dede;\"><\/div><\/div><span class=\"awb-title-spacer\"><\/span><h1 class=\"title-heading-center fusion-responsive-typography-calculated\" style=\"margin:0;--fontSize:34;line-height:1.41;\">Prendre RDV<\/h1><span class=\"awb-title-spacer\"><\/span><div class=\"title-sep-container title-sep-container-right\"><div class=\"title-sep sep-double sep-solid\" style=\"border-color:#e0dede;\"><\/div><\/div><\/div><div class=\"fusion-text fusion-text-1\"><p>Vous pouvez dor\u00e9navant prendre rendez-vous directement avec votre Ost\u00e9opathe \u00e0 Arc-sur-Tille par internet gr\u00e2ce \u00e0 notre partenaire Doctolib. Pour cela rien de plus simple, il vous suffit de s\u00e9lectionner le type de consultation qui vous int\u00e9resse et enfin la date et l&rsquo;horaire qui vous convient.<\/p>\n<\/div><div class=\"fusion-alert alert general alert-info fusion-alert-center fusion-alert-capitalize alert-shadow\" role=\"alert\"><div class=\"fusion-alert-content-wrapper\"><span class=\"alert-icon\"><i class=\"awb-icon-info-circle\" aria-hidden=\"true\"><\/i><\/span><span class=\"fusion-alert-content\"><p>Il est indispensable de recevoir une confirmation qui signifie que la prise de rdv est valid\u00e9e.<\/p>\n<p>Pour toute urgence ou si vous ne trouvez pas le cr\u00e9neau d\u00e9sir\u00e9 vous pouvez nous appeler au 03.80.45.05.60<\/p><\/span><\/div><\/div><div class=\"fusion-text fusion-text-2\"><p><iframe style=\"height: 304px; min-height: 304px; width: 100%;\" src=\"https:\/\/partners.doctolib.fr\/osteopathe\/arc-sur-tille\/sophie-boussard\" width=\"300\" height=\"150\" scrolling=\"no\"><\/iframe><script src=\"https:\/\/www.doctolib.fr\/js\/iframeResizer.js\"><\/script><script>iFrameResize()<\/script><\/p>\n<\/div><div class=\"fusion-clearfix\"><\/div><\/div><\/div><\/div><\/div>\n","protected":false},"excerpt":{"rendered":"","protected":false},"author":1,"featured_media":0,"parent":0,"menu_order":0,"comment_status":"closed","ping_status":"closed","template":"","meta":[],"yoast_head":"<!-- This site is optimized with the Yoast SEO plugin v19.13 - https:\/\/yoast.com\/wordpress\/plugins\/seo\/ -->\n<title>RDV Ost\u00e9opathie - P\u00f4le Equilibre&amp;Sant\u00e9 d&#039;Arc-sur-Tille<\/title>\n<meta name=\"description\" content=\"RDV Ost\u00e9opathie : Prenez RDV avec votre Ost\u00e9opathe \u00e0 Arc-sur-Tille directement par internet ! Vous pouvez \u00e9galement toujours nous joindre au 03 80 45 05 60\" \/>\n<meta name=\"robots\" content=\"index, follow, max-snippet:-1, max-image-preview:large, max-video-preview:-1\" \/>\n<link rel=\"canonical\" href=\"https:\/\/pes-cotedor.fr\/arc-sur-tille\/rdv-osteopathie\/\" \/>\n<meta property=\"og:locale\" content=\"fr_FR\" \/>\n<meta property=\"og:type\" content=\"article\" \/>\n<meta property=\"og:title\" content=\"RDV Ost\u00e9opathie - P\u00f4le Equilibre&amp;Sant\u00e9 d&#039;Arc-sur-Tille\" \/>\n<meta property=\"og:description\" content=\"RDV Ost\u00e9opathie : Prenez RDV avec votre Ost\u00e9opathe \u00e0 Arc-sur-Tille directement par internet ! Vous pouvez \u00e9galement toujours nous joindre au 03 80 45 05 60\" \/>\n<meta property=\"og:url\" content=\"https:\/\/pes-cotedor.fr\/arc-sur-tille\/rdv-osteopathie\/\" \/>\n<meta property=\"og:site_name\" content=\"P\u00f4le Equilibre&amp;Sant\u00e9 d&#039;Arc-sur-Tille\" \/>\n<meta property=\"article:modified_time\" content=\"2019-03-03T18:29:04+00:00\" \/>\n<meta property=\"og:image\" content=\"https:\/\/pes-cotedor.fr\/arc-sur-tille\/wp-content\/uploads\/sites\/2\/2017\/03\/144.png\" \/>\n\t<meta property=\"og:image:width\" content=\"144\" \/>\n\t<meta property=\"og:image:height\" content=\"144\" \/>\n\t<meta property=\"og:image:type\" content=\"image\/png\" \/>\n<meta name=\"twitter:card\" content=\"summary_large_image\" \/>\n<meta name=\"twitter:label1\" content=\"Dur\u00e9e de lecture estim\u00e9e\" \/>\n\t<meta name=\"twitter:data1\" content=\"1 minute\" \/>\n<script type=\"application\/ld+json\" class=\"yoast-schema-graph\">{\"@context\":\"https:\/\/schema.org\",\"@graph\":[{\"@type\":\"WebPage\",\"@id\":\"https:\/\/pes-cotedor.fr\/arc-sur-tille\/rdv-osteopathie\/\",\"url\":\"https:\/\/pes-cotedor.fr\/arc-sur-tille\/rdv-osteopathie\/\",\"name\":\"RDV Ost\u00e9opathie - P\u00f4le Equilibre&amp;Sant\u00e9 d&#039;Arc-sur-Tille\",\"isPartOf\":{\"@id\":\"https:\/\/pes-cotedor.fr\/arc-sur-tille\/#website\"},\"datePublished\":\"2017-09-15T15:06:46+00:00\",\"dateModified\":\"2019-03-03T18:29:04+00:00\",\"description\":\"RDV Ost\u00e9opathie : Prenez RDV avec votre Ost\u00e9opathe \u00e0 Arc-sur-Tille directement par internet ! Vous pouvez \u00e9galement toujours nous joindre au 03 80 45 05 60\",\"breadcrumb\":{\"@id\":\"https:\/\/pes-cotedor.fr\/arc-sur-tille\/rdv-osteopathie\/#breadcrumb\"},\"inLanguage\":\"fr-FR\",\"potentialAction\":[{\"@type\":\"ReadAction\",\"target\":[\"https:\/\/pes-cotedor.fr\/arc-sur-tille\/rdv-osteopathie\/\"]}]},{\"@type\":\"BreadcrumbList\",\"@id\":\"https:\/\/pes-cotedor.fr\/arc-sur-tille\/rdv-osteopathie\/#breadcrumb\",\"itemListElement\":[{\"@type\":\"ListItem\",\"position\":1,\"name\":\"Accueil\",\"item\":\"https:\/\/pes-cotedor.fr\/arc-sur-tille\/\"},{\"@type\":\"ListItem\",\"position\":2,\"name\":\"RDV Ost\u00e9opathie\"}]},{\"@type\":\"WebSite\",\"@id\":\"https:\/\/pes-cotedor.fr\/arc-sur-tille\/#website\",\"url\":\"https:\/\/pes-cotedor.fr\/arc-sur-tille\/\",\"name\":\"P\u00f4le Equilibre&amp;Sant\u00e9 d&#039;Arc-sur-Tille\",\"description\":\"\",\"potentialAction\":[{\"@type\":\"SearchAction\",\"target\":{\"@type\":\"EntryPoint\",\"urlTemplate\":\"https:\/\/pes-cotedor.fr\/arc-sur-tille\/?s={search_term_string}\"},\"query-input\":\"required name=search_term_string\"}],\"inLanguage\":\"fr-FR\"}]}<\/script>\n<!-- \/ Yoast SEO plugin. -->","yoast_head_json":{"title":"RDV Ost\u00e9opathie - P\u00f4le Equilibre&amp;Sant\u00e9 d&#039;Arc-sur-Tille","description":"RDV Ost\u00e9opathie : Prenez RDV avec votre Ost\u00e9opathe \u00e0 Arc-sur-Tille directement par internet ! Vous pouvez \u00e9galement toujours nous joindre au 03 80 45 05 60","robots":{"index":"index","follow":"follow","max-snippet":"max-snippet:-1","max-image-preview":"max-image-preview:large","max-video-preview":"max-video-preview:-1"},"canonical":"https:\/\/pes-cotedor.fr\/arc-sur-tille\/rdv-osteopathie\/","og_locale":"fr_FR","og_type":"article","og_title":"RDV Ost\u00e9opathie - P\u00f4le Equilibre&Sant\u00e9 d'Arc-sur-Tille","og_description":"RDV Ost\u00e9opathie : Prenez RDV avec votre Ost\u00e9opathe \u00e0 Arc-sur-Tille directement par internet ! Vous pouvez \u00e9galement toujours nous joindre au 03 80 45 05 60","og_url":"https:\/\/pes-cotedor.fr\/arc-sur-tille\/rdv-osteopathie\/","og_site_name":"P\u00f4le Equilibre&amp;Sant\u00e9 d&#039;Arc-sur-Tille","article_modified_time":"2019-03-03T18:29:04+00:00","og_image":[{"width":144,"height":144,"url":"https:\/\/pes-cotedor.fr\/arc-sur-tille\/wp-content\/uploads\/sites\/2\/2017\/03\/144.png","type":"image\/png"}],"twitter_card":"summary_large_image","twitter_misc":{"Dur\u00e9e de lecture estim\u00e9e":"1 minute"},"schema":{"@context":"https:\/\/schema.org","@graph":[{"@type":"WebPage","@id":"https:\/\/pes-cotedor.fr\/arc-sur-tille\/rdv-osteopathie\/","url":"https:\/\/pes-cotedor.fr\/arc-sur-tille\/rdv-osteopathie\/","name":"RDV Ost\u00e9opathie - P\u00f4le Equilibre&amp;Sant\u00e9 d&#039;Arc-sur-Tille","isPartOf":{"@id":"https:\/\/pes-cotedor.fr\/arc-sur-tille\/#website"},"datePublished":"2017-09-15T15:06:46+00:00","dateModified":"2019-03-03T18:29:04+00:00","description":"RDV Ost\u00e9opathie : Prenez RDV avec votre Ost\u00e9opathe \u00e0 Arc-sur-Tille directement par internet ! Vous pouvez \u00e9galement toujours nous joindre au 03 80 45 05 60","breadcrumb":{"@id":"https:\/\/pes-cotedor.fr\/arc-sur-tille\/rdv-osteopathie\/#breadcrumb"},"inLanguage":"fr-FR","potentialAction":[{"@type":"ReadAction","target":["https:\/\/pes-cotedor.fr\/arc-sur-tille\/rdv-osteopathie\/"]}]},{"@type":"BreadcrumbList","@id":"https:\/\/pes-cotedor.fr\/arc-sur-tille\/rdv-osteopathie\/#breadcrumb","itemListElement":[{"@type":"ListItem","position":1,"name":"Accueil","item":"https:\/\/pes-cotedor.fr\/arc-sur-tille\/"},{"@type":"ListItem","position":2,"name":"RDV Ost\u00e9opathie"}]},{"@type":"WebSite","@id":"https:\/\/pes-cotedor.fr\/arc-sur-tille\/#website","url":"https:\/\/pes-cotedor.fr\/arc-sur-tille\/","name":"P\u00f4le Equilibre&amp;Sant\u00e9 d&#039;Arc-sur-Tille","description":"","potentialAction":[{"@type":"SearchAction","target":{"@type":"EntryPoint","urlTemplate":"https:\/\/pes-cotedor.fr\/arc-sur-tille\/?s={search_term_string}"},"query-input":"required name=search_term_string"}],"inLanguage":"fr-FR"}]}},"_links":{"self":[{"href":"https:\/\/pes-cotedor.fr\/arc-sur-tille\/wp-json\/wp\/v2\/pages\/283"}],"collection":[{"href":"https:\/\/pes-cotedor.fr\/arc-sur-tille\/wp-json\/wp\/v2\/pages"}],"about":[{"href":"https:\/\/pes-cotedor.fr\/arc-sur-tille\/wp-json\/wp\/v2\/types\/page"}],"author":[{"embeddable":true,"href":"https:\/\/pes-cotedor.fr\/arc-sur-tille\/wp-json\/wp\/v2\/users\/1"}],"replies":[{"embeddable":true,"href":"https:\/\/pes-cotedor.fr\/arc-sur-tille\/wp-json\/wp\/v2\/comments?post=283"}],"version-history":[{"count":18,"href":"https:\/\/pes-cotedor.fr\/arc-sur-tille\/wp-json\/wp\/v2\/pages\/283\/revisions"}],"predecessor-version":[{"id":337,"href":"https:\/\/pes-cotedor.fr\/arc-sur-tille\/wp-json\/wp\/v2\/pages\/283\/revisions\/337"}],"wp:attachment":[{"href":"https:\/\/pes-cotedor.fr\/arc-sur-tille\/wp-json\/wp\/v2\/media?parent=283"}],"curies":[{"name":"wp","href":"https:\/\/api.w.org\/{rel}","templated":true}]}}