{"id":47,"date":"2013-12-22T22:00:34","date_gmt":"2013-12-22T21:00:34","guid":{"rendered":"https:\/\/pes-cotedor.fr\/arc-sur-tille\/?page_id=47"},"modified":"2022-12-11T17:23:26","modified_gmt":"2022-12-11T16:23:26","slug":"consultation-osteopathique","status":"publish","type":"page","link":"https:\/\/pes-cotedor.fr\/arc-sur-tille\/consultation-osteopathique\/","title":{"rendered":"Consultation Ost\u00e9opathique"},"content":{"rendered":"<div class=\"fusion-fullwidth fullwidth-box fusion-builder-row-1 nonhundred-percent-fullwidth non-hundred-percent-height-scrolling\" style=\"--awb-border-radius-top-left:0px;--awb-border-radius-top-right:0px;--awb-border-radius-bottom-right:0px;--awb-border-radius-bottom-left:0px;\" ><div class=\"fusion-builder-row fusion-row\"><div class=\"fusion-layout-column fusion_builder_column fusion-builder-column-0 fusion_builder_column_1_1 1_1 fusion-one-full fusion-column-first fusion-column-last\" style=\"--awb-bg-size:cover;--awb-margin-top:0px;--awb-margin-bottom:0px;\"><div class=\"fusion-column-wrapper fusion-flex-column-wrapper-legacy\"><div class=\"fusion-title title fusion-title-1 fusion-title-center fusion-title-text fusion-title-size-one\"><div class=\"title-sep-container title-sep-container-left\"><div class=\"title-sep sep-double sep-solid\" style=\"border-color:#e0dede;\"><\/div><\/div><span class=\"awb-title-spacer\"><\/span><h1 class=\"title-heading-center fusion-responsive-typography-calculated\" style=\"margin:0;--fontSize:34;line-height:1.41;\">D\u00e9roulement d&rsquo;une consultation ost\u00e9opathique<\/h1><span class=\"awb-title-spacer\"><\/span><div class=\"title-sep-container title-sep-container-right\"><div class=\"title-sep sep-double sep-solid\" style=\"border-color:#e0dede;\"><\/div><\/div><\/div><div class=\"fusion-text fusion-text-1\"><p style=\"text-align: justify;\">Une consultation ost\u00e9opathique dure environ <b>45 minutes<\/b> et se d\u00e9roule en <b>3 temps<\/b>\u00a0:<\/p>\n<ul>\n<li style=\"text-align: justify;\"><b><i>L\u2019interrogatoire\u00a0: <\/i><\/b>celui-ci permet d\u2019\u00e9tablir l\u2019anamn\u00e8se d\u00e9taill\u00e9e (ant\u00e9c\u00e9dents m\u00e9dicaux, chirurgicaux, traumatiques, \u00e9tat g\u00e9n\u00e9ral, \u2026) du patient et de d\u00e9finir le motif de consultation. C\u2019est \u00e9galement pendant cette \u00e9tape que l\u2019ost\u00e9opathe examinera les examens compl\u00e9mentaires apport\u00e9s par le patient (radiographie, IRM, scanner, analyse biologique, \u2026)<\/li>\n<li style=\"text-align: justify;\"><b><i>Tests et diagnostique ost\u00e9opathique\u00a0:<\/i><\/b> suite aux informations recueillies, l\u2019ost\u00e9opathe va effectuer des tests m\u00e9dicaux n\u00e9cessaires pour \u00e9tablir un diagnostique diff\u00e9rentiel. Si ces derniers ne r\u00e9v\u00e8lent aucune pathologie alors le th\u00e9rapeute enchainera avec des tests ost\u00e9opathiques afin d\u2019\u00e9tablir un diagnostique ost\u00e9opathique permettant de d\u00e9terminer les restrictions de mobilit\u00e9 responsables de la douleur.<\/li>\n<li style=\"text-align: justify;\"><b><i>Le traitement ost\u00e9opathique\u00a0:<\/i><\/b> pour cette derni\u00e8re \u00e9tape, le th\u00e9rapeute mettra en place les techniques n\u00e9cessaires au corps pour s\u2019autor\u00e9guler. Bien s\u00fbr, elles seront adapt\u00e9es au patient et au motif de consultation. L\u2019ost\u00e9opathe pourra utiliser des techniques ost\u00e9o-articulaires, tissulaires\/myo-fasciales, visc\u00e9rales, cr\u00e2niennes.<\/li>\n<\/ul>\n<\/div><div class=\"fusion-title title fusion-title-2 fusion-title-center fusion-title-text fusion-title-size-one\"><div class=\"title-sep-container title-sep-container-left\"><div class=\"title-sep sep-double sep-solid\" style=\"border-color:#e0dede;\"><\/div><\/div><span class=\"awb-title-spacer\"><\/span><h1 class=\"title-heading-center fusion-responsive-typography-calculated\" style=\"margin:0;--fontSize:34;line-height:1.41;\">Honoraires Ost\u00e9opathe<\/h1><span class=\"awb-title-spacer\"><\/span><div class=\"title-sep-container title-sep-container-right\"><div class=\"title-sep sep-double sep-solid\" style=\"border-color:#e0dede;\"><\/div><\/div><\/div><div class=\"fusion-text fusion-text-2\"><p style=\"text-align: justify;\">Le <b>tarif<\/b> d\u2019une consultation est de <strong>55\u20ac<\/strong>.<\/p>\n<p style=\"text-align: justify;\">Le <b>remboursement<i>\u00a0<\/i><\/b>: la s\u00e9curit\u00e9 sociale ne prend pas en charge le remboursement des s\u00e9ances d\u2019ost\u00e9opathie. Cependant, devant la demande croissante des patients, de plus en plus de mutuelles remboursent partiellement ou totalement le tarif de la s\u00e9ance. Ce montant \u00e9tant tr\u00e8s variable d\u2019une mutuelle \u00e0 l\u2019autre et d\u2019un contrat \u00e0 l\u2019autre, nous vous conseillons de prendre contact directement avec votre mutuelle afin de vous renseigner au mieux.<\/p>\n<p style=\"text-align: justify;\">A titre d\u2019information, voici une liste des mutuelles qui remboursent les s\u00e9ances d\u2019ost\u00e9opathie :\u00a0<div class=\"fusion-aligncenter\"><a class=\"fusion-button button-flat fusion-button-default-size button-default fusion-button-default button-1 fusion-button-default-span fusion-button-default-type\" target=\"_self\" href=\"https:\/\/www.osteopathie.org\/mutuelles.html\"><span class=\"fusion-button-text\">Liste des mutuelles<\/span><\/a><\/div><\/p>\n<\/div><div class=\"fusion-clearfix\"><\/div><\/div><\/div><\/div><\/div>\n","protected":false},"excerpt":{"rendered":"","protected":false},"author":1,"featured_media":0,"parent":0,"menu_order":0,"comment_status":"open","ping_status":"open","template":"","meta":[],"yoast_head":"<!-- This site is optimized with the Yoast SEO plugin v19.13 - https:\/\/yoast.com\/wordpress\/plugins\/seo\/ -->\n<title>Consultation Ost\u00e9opathique - P\u00f4le Equilibre&amp;Sant\u00e9 de C\u00f4te d&#039;Or<\/title>\n<meta name=\"description\" content=\"Une consultation ost\u00e9opathique dure environ 45 minutes\" \/>\n<meta name=\"robots\" content=\"index, follow, max-snippet:-1, max-image-preview:large, max-video-preview:-1\" \/>\n<link rel=\"canonical\" href=\"https:\/\/pes-cotedor.fr\/arc-sur-tille\/consultation-osteopathique\/\" \/>\n<meta property=\"og:locale\" content=\"fr_FR\" \/>\n<meta property=\"og:type\" content=\"article\" \/>\n<meta property=\"og:title\" content=\"Consultation Ost\u00e9opathique - P\u00f4le Equilibre&amp;Sant\u00e9 de C\u00f4te d&#039;Or\" \/>\n<meta property=\"og:description\" content=\"Une consultation ost\u00e9opathique dure environ 45 minutes\" \/>\n<meta property=\"og:url\" content=\"https:\/\/pes-cotedor.fr\/arc-sur-tille\/consultation-osteopathique\/\" \/>\n<meta property=\"og:site_name\" content=\"P\u00f4le Equilibre&amp;Sant\u00e9 d&#039;Arc-sur-Tille\" \/>\n<meta property=\"article:modified_time\" content=\"2022-12-11T16:23:26+00:00\" \/>\n<meta name=\"twitter:card\" content=\"summary_large_image\" \/>\n<meta name=\"twitter:label1\" content=\"Dur\u00e9e de lecture estim\u00e9e\" \/>\n\t<meta name=\"twitter:data1\" content=\"2 minutes\" \/>\n<script type=\"application\/ld+json\" class=\"yoast-schema-graph\">{\"@context\":\"https:\/\/schema.org\",\"@graph\":[{\"@type\":\"WebPage\",\"@id\":\"https:\/\/pes-cotedor.fr\/arc-sur-tille\/consultation-osteopathique\/\",\"url\":\"https:\/\/pes-cotedor.fr\/arc-sur-tille\/consultation-osteopathique\/\",\"name\":\"Consultation Ost\u00e9opathique - P\u00f4le Equilibre&Sant\u00e9 de C\u00f4te d'Or\",\"isPartOf\":{\"@id\":\"https:\/\/pes-cotedor.fr\/arc-sur-tille\/#website\"},\"datePublished\":\"2013-12-22T21:00:34+00:00\",\"dateModified\":\"2022-12-11T16:23:26+00:00\",\"description\":\"Une consultation ost\u00e9opathique dure environ 45 minutes\",\"breadcrumb\":{\"@id\":\"https:\/\/pes-cotedor.fr\/arc-sur-tille\/consultation-osteopathique\/#breadcrumb\"},\"inLanguage\":\"fr-FR\",\"potentialAction\":[{\"@type\":\"ReadAction\",\"target\":[\"https:\/\/pes-cotedor.fr\/arc-sur-tille\/consultation-osteopathique\/\"]}]},{\"@type\":\"BreadcrumbList\",\"@id\":\"https:\/\/pes-cotedor.fr\/arc-sur-tille\/consultation-osteopathique\/#breadcrumb\",\"itemListElement\":[{\"@type\":\"ListItem\",\"position\":1,\"name\":\"Accueil\",\"item\":\"https:\/\/pes-cotedor.fr\/arc-sur-tille\/\"},{\"@type\":\"ListItem\",\"position\":2,\"name\":\"Consultation Ost\u00e9opathique\"}]},{\"@type\":\"WebSite\",\"@id\":\"https:\/\/pes-cotedor.fr\/arc-sur-tille\/#website\",\"url\":\"https:\/\/pes-cotedor.fr\/arc-sur-tille\/\",\"name\":\"P\u00f4le Equilibre&amp;Sant\u00e9 d&#039;Arc-sur-Tille\",\"description\":\"\",\"potentialAction\":[{\"@type\":\"SearchAction\",\"target\":{\"@type\":\"EntryPoint\",\"urlTemplate\":\"https:\/\/pes-cotedor.fr\/arc-sur-tille\/?s={search_term_string}\"},\"query-input\":\"required name=search_term_string\"}],\"inLanguage\":\"fr-FR\"}]}<\/script>\n<!-- \/ Yoast SEO plugin. -->","yoast_head_json":{"title":"Consultation Ost\u00e9opathique - P\u00f4le Equilibre&Sant\u00e9 de C\u00f4te d'Or","description":"Une consultation ost\u00e9opathique dure environ 45 minutes","robots":{"index":"index","follow":"follow","max-snippet":"max-snippet:-1","max-image-preview":"max-image-preview:large","max-video-preview":"max-video-preview:-1"},"canonical":"https:\/\/pes-cotedor.fr\/arc-sur-tille\/consultation-osteopathique\/","og_locale":"fr_FR","og_type":"article","og_title":"Consultation Ost\u00e9opathique - P\u00f4le Equilibre&Sant\u00e9 de C\u00f4te d'Or","og_description":"Une consultation ost\u00e9opathique dure environ 45 minutes","og_url":"https:\/\/pes-cotedor.fr\/arc-sur-tille\/consultation-osteopathique\/","og_site_name":"P\u00f4le Equilibre&amp;Sant\u00e9 d&#039;Arc-sur-Tille","article_modified_time":"2022-12-11T16:23:26+00:00","twitter_card":"summary_large_image","twitter_misc":{"Dur\u00e9e de lecture estim\u00e9e":"2 minutes"},"schema":{"@context":"https:\/\/schema.org","@graph":[{"@type":"WebPage","@id":"https:\/\/pes-cotedor.fr\/arc-sur-tille\/consultation-osteopathique\/","url":"https:\/\/pes-cotedor.fr\/arc-sur-tille\/consultation-osteopathique\/","name":"Consultation Ost\u00e9opathique - P\u00f4le Equilibre&Sant\u00e9 de C\u00f4te d'Or","isPartOf":{"@id":"https:\/\/pes-cotedor.fr\/arc-sur-tille\/#website"},"datePublished":"2013-12-22T21:00:34+00:00","dateModified":"2022-12-11T16:23:26+00:00","description":"Une consultation ost\u00e9opathique dure environ 45 minutes","breadcrumb":{"@id":"https:\/\/pes-cotedor.fr\/arc-sur-tille\/consultation-osteopathique\/#breadcrumb"},"inLanguage":"fr-FR","potentialAction":[{"@type":"ReadAction","target":["https:\/\/pes-cotedor.fr\/arc-sur-tille\/consultation-osteopathique\/"]}]},{"@type":"BreadcrumbList","@id":"https:\/\/pes-cotedor.fr\/arc-sur-tille\/consultation-osteopathique\/#breadcrumb","itemListElement":[{"@type":"ListItem","position":1,"name":"Accueil","item":"https:\/\/pes-cotedor.fr\/arc-sur-tille\/"},{"@type":"ListItem","position":2,"name":"Consultation Ost\u00e9opathique"}]},{"@type":"WebSite","@id":"https:\/\/pes-cotedor.fr\/arc-sur-tille\/#website","url":"https:\/\/pes-cotedor.fr\/arc-sur-tille\/","name":"P\u00f4le Equilibre&amp;Sant\u00e9 d&#039;Arc-sur-Tille","description":"","potentialAction":[{"@type":"SearchAction","target":{"@type":"EntryPoint","urlTemplate":"https:\/\/pes-cotedor.fr\/arc-sur-tille\/?s={search_term_string}"},"query-input":"required name=search_term_string"}],"inLanguage":"fr-FR"}]}},"_links":{"self":[{"href":"https:\/\/pes-cotedor.fr\/arc-sur-tille\/wp-json\/wp\/v2\/pages\/47"}],"collection":[{"href":"https:\/\/pes-cotedor.fr\/arc-sur-tille\/wp-json\/wp\/v2\/pages"}],"about":[{"href":"https:\/\/pes-cotedor.fr\/arc-sur-tille\/wp-json\/wp\/v2\/types\/page"}],"author":[{"embeddable":true,"href":"https:\/\/pes-cotedor.fr\/arc-sur-tille\/wp-json\/wp\/v2\/users\/1"}],"replies":[{"embeddable":true,"href":"https:\/\/pes-cotedor.fr\/arc-sur-tille\/wp-json\/wp\/v2\/comments?post=47"}],"version-history":[{"count":6,"href":"https:\/\/pes-cotedor.fr\/arc-sur-tille\/wp-json\/wp\/v2\/pages\/47\/revisions"}],"predecessor-version":[{"id":359,"href":"https:\/\/pes-cotedor.fr\/arc-sur-tille\/wp-json\/wp\/v2\/pages\/47\/revisions\/359"}],"wp:attachment":[{"href":"https:\/\/pes-cotedor.fr\/arc-sur-tille\/wp-json\/wp\/v2\/media?parent=47"}],"curies":[{"name":"wp","href":"https:\/\/api.w.org\/{rel}","templated":true}]}}