{"id":58,"date":"2013-12-22T22:08:12","date_gmt":"2013-12-22T21:08:12","guid":{"rendered":"https:\/\/pes-cotedor.fr\/arc-sur-tille\/?page_id=58"},"modified":"2017-06-06T18:19:56","modified_gmt":"2017-06-06T16:19:56","slug":"osteopathie-pour-enfants-adolescents","status":"publish","type":"page","link":"https:\/\/pes-cotedor.fr\/arc-sur-tille\/osteopathie-pour-enfants-adolescents\/","title":{"rendered":"Ost\u00e9opathie pour Enfants\/adolescents"},"content":{"rendered":"<div class=\"fusion-fullwidth fullwidth-box fusion-builder-row-1 nonhundred-percent-fullwidth non-hundred-percent-height-scrolling\" style=\"--awb-border-radius-top-left:0px;--awb-border-radius-top-right:0px;--awb-border-radius-bottom-right:0px;--awb-border-radius-bottom-left:0px;\" ><div class=\"fusion-builder-row fusion-row\"><div class=\"fusion-layout-column fusion_builder_column fusion-builder-column-0 fusion_builder_column_1_1 1_1 fusion-one-full fusion-column-first fusion-column-last\" style=\"--awb-bg-size:cover;--awb-margin-top:0px;--awb-margin-bottom:0px;\"><div class=\"fusion-column-wrapper fusion-flex-column-wrapper-legacy\"><div class=\"fusion-title title fusion-title-1 fusion-title-center fusion-title-text fusion-title-size-one\"><div class=\"title-sep-container title-sep-container-left\"><div class=\"title-sep sep-double sep-solid\" style=\"border-color:#e0dede;\"><\/div><\/div><span class=\"awb-title-spacer\"><\/span><h1 class=\"title-heading-center fusion-responsive-typography-calculated\" style=\"margin:0;--fontSize:34;line-height:1.41;\">Ost\u00e9opathie pour Enfants\/Adolescents<\/h1><span class=\"awb-title-spacer\"><\/span><div class=\"title-sep-container title-sep-container-right\"><div class=\"title-sep sep-double sep-solid\" style=\"border-color:#e0dede;\"><\/div><\/div><\/div><div class=\"fusion-text fusion-text-1\"><p style=\"text-align: justify;\">L\u2019ost\u00e9opathie n\u2019est pas seulement r\u00e9serv\u00e9e \u00e0 l\u2019adulte. Elle est \u00e9galement tr\u00e8s importante pour un bon d\u00e9veloppement de l\u2019enfant.<\/p>\n<p style=\"text-align: justify;\">L\u2019enfance et l\u2019adolescence sont des p\u00e9riodes de transition entre la vie de b\u00e9b\u00e9 et celle d\u2019adulte. Elles sont remplies d\u2019une multitude de changements ainsi que d\u2019apprentissages et ont des besoins sp\u00e9cifiques.<\/p>\n<p style=\"text-align: justify;\">Au cours de ces 2 p\u00e9riodes charni\u00e8res, le corps subit de nombreuses modifications physiques (croissance, prise de poids, \u2026), hormonales (essentiellement \u00e0 la pubert\u00e9), psycho-motrices (marche, langage, \u2026) et relationnelles. Pendant ces diff\u00e9rentes phases, nous faisons nos premiers pas, nos premi\u00e8res chutes, nos premi\u00e8res exp\u00e9riences, nos premi\u00e8res activit\u00e9s sportives. Tout ceci engendre des contraintes qui peuvent influer sur l\u2019\u00e9tat g\u00e9n\u00e9ral de votre enfant et demander beaucoup d\u2019\u00e9nergie.<\/p>\n<p style=\"text-align: justify;\">Des troubles fonctionnels peuvent d\u00e9couler de tous ces \u00e9v\u00e8nements\u00a0: maux de t\u00eate, fatigue, tensions musculaires, troubles du sommeil, troubles digestifs, maladie de croissance, douleurs des premi\u00e8res r\u00e8gles, affections ORL chroniques (otite, rhinite, \u2026), troubles du langage tels que la dyslexie (en travail pluridisciplinaire avec notamment un orthophoniste, un orthodontiste), \u2026<\/p>\n<p style=\"text-align: justify;\">C\u2019est pour cela qu\u2019il est important de consulter r\u00e9guli\u00e8rement un ost\u00e9opathe pour limiter l\u2019effet de ces diff\u00e9rents d\u00e9sagr\u00e9ments et pour que votre enfant ou adolescent grandisse dans les meilleures conditions. Il est id\u00e9al d\u2019emmener votre enfant aux diff\u00e9rentes \u00e9tapes importantes du d\u00e9veloppement\u00a0: position assise, marche \u00e0 4 pattes, passage \u00e0 la position debout et \u00e0 la marche, \u2026<\/p>\n<p style=\"text-align: justify;\">L\u2019ost\u00e9opathe interviendra avec des techniques adapt\u00e9es \u00e0 l\u2019\u00e2ge de votre enfant et \u00e0 son d\u00e9veloppement.<\/p>\n<p style=\"text-align: justify;\">Pensez \u00e0 amener son carnet de sant\u00e9 et pour le confort de votre enfant, pensez \u00e0 amener son doudou, son livre ou son jouet pr\u00e9f\u00e9r\u00e9.<\/p>\n<p style=\"text-align: justify;\"><strong><em>Attention, cependant, une prise en charge ost\u00e9opathique ne remplace en aucun cas un suivi m\u00e9dical ou par tout autre sp\u00e9cialiste dont il aurait besoin.<\/em><\/strong><\/p>\n<\/div><div class=\"fusion-clearfix\"><\/div><\/div><\/div><\/div><\/div>\n","protected":false},"excerpt":{"rendered":"","protected":false},"author":1,"featured_media":0,"parent":0,"menu_order":0,"comment_status":"open","ping_status":"open","template":"","meta":[],"yoast_head":"<!-- This site is optimized with the Yoast SEO plugin v19.13 - https:\/\/yoast.com\/wordpress\/plugins\/seo\/ -->\n<title>Ost\u00e9opathie pour Enfants\/adolescents - P\u00f4le Equilibre&amp;Sant\u00e9 de C\u00f4te d&#039;Or<\/title>\n<meta name=\"description\" content=\"Ost\u00e9opathie pour Enfants\/adolescents : L\u2019enfance et la pubert\u00e9 sont les p\u00e9riodes o\u00f9 l\u2019on fait nos premiers pas, nos premi\u00e8res chutes, nos premi\u00e8res exp\u00e9riences, nos premi\u00e8res activit\u00e9s sportives\" \/>\n<meta name=\"robots\" content=\"index, follow, max-snippet:-1, max-image-preview:large, max-video-preview:-1\" \/>\n<link rel=\"canonical\" href=\"https:\/\/pes-cotedor.fr\/arc-sur-tille\/osteopathie-pour-enfants-adolescents\/\" \/>\n<meta property=\"og:locale\" content=\"fr_FR\" \/>\n<meta property=\"og:type\" content=\"article\" \/>\n<meta property=\"og:title\" content=\"Ost\u00e9opathie pour Enfants\/adolescents - P\u00f4le Equilibre&amp;Sant\u00e9 de C\u00f4te d&#039;Or\" \/>\n<meta property=\"og:description\" content=\"Ost\u00e9opathie pour Enfants\/adolescents : L\u2019enfance et la pubert\u00e9 sont les p\u00e9riodes o\u00f9 l\u2019on fait nos premiers pas, nos premi\u00e8res chutes, nos premi\u00e8res exp\u00e9riences, nos premi\u00e8res activit\u00e9s sportives\" \/>\n<meta property=\"og:url\" content=\"https:\/\/pes-cotedor.fr\/arc-sur-tille\/osteopathie-pour-enfants-adolescents\/\" \/>\n<meta property=\"og:site_name\" content=\"P\u00f4le Equilibre&amp;Sant\u00e9 d&#039;Arc-sur-Tille\" \/>\n<meta property=\"article:modified_time\" content=\"2017-06-06T16:19:56+00:00\" \/>\n<meta name=\"twitter:card\" content=\"summary_large_image\" \/>\n<meta name=\"twitter:label1\" content=\"Dur\u00e9e de lecture estim\u00e9e\" \/>\n\t<meta name=\"twitter:data1\" content=\"2 minutes\" \/>\n<script type=\"application\/ld+json\" class=\"yoast-schema-graph\">{\"@context\":\"https:\/\/schema.org\",\"@graph\":[{\"@type\":\"WebPage\",\"@id\":\"https:\/\/pes-cotedor.fr\/arc-sur-tille\/osteopathie-pour-enfants-adolescents\/\",\"url\":\"https:\/\/pes-cotedor.fr\/arc-sur-tille\/osteopathie-pour-enfants-adolescents\/\",\"name\":\"Ost\u00e9opathie pour Enfants\/adolescents - P\u00f4le Equilibre&Sant\u00e9 de C\u00f4te d'Or\",\"isPartOf\":{\"@id\":\"https:\/\/pes-cotedor.fr\/arc-sur-tille\/#website\"},\"datePublished\":\"2013-12-22T21:08:12+00:00\",\"dateModified\":\"2017-06-06T16:19:56+00:00\",\"description\":\"Ost\u00e9opathie pour Enfants\/adolescents : L\u2019enfance et la pubert\u00e9 sont les p\u00e9riodes o\u00f9 l\u2019on fait nos premiers pas, nos premi\u00e8res chutes, nos premi\u00e8res exp\u00e9riences, nos premi\u00e8res activit\u00e9s sportives\",\"breadcrumb\":{\"@id\":\"https:\/\/pes-cotedor.fr\/arc-sur-tille\/osteopathie-pour-enfants-adolescents\/#breadcrumb\"},\"inLanguage\":\"fr-FR\",\"potentialAction\":[{\"@type\":\"ReadAction\",\"target\":[\"https:\/\/pes-cotedor.fr\/arc-sur-tille\/osteopathie-pour-enfants-adolescents\/\"]}]},{\"@type\":\"BreadcrumbList\",\"@id\":\"https:\/\/pes-cotedor.fr\/arc-sur-tille\/osteopathie-pour-enfants-adolescents\/#breadcrumb\",\"itemListElement\":[{\"@type\":\"ListItem\",\"position\":1,\"name\":\"Accueil\",\"item\":\"https:\/\/pes-cotedor.fr\/arc-sur-tille\/\"},{\"@type\":\"ListItem\",\"position\":2,\"name\":\"Ost\u00e9opathie pour Enfants\/adolescents\"}]},{\"@type\":\"WebSite\",\"@id\":\"https:\/\/pes-cotedor.fr\/arc-sur-tille\/#website\",\"url\":\"https:\/\/pes-cotedor.fr\/arc-sur-tille\/\",\"name\":\"P\u00f4le Equilibre&amp;Sant\u00e9 d&#039;Arc-sur-Tille\",\"description\":\"\",\"potentialAction\":[{\"@type\":\"SearchAction\",\"target\":{\"@type\":\"EntryPoint\",\"urlTemplate\":\"https:\/\/pes-cotedor.fr\/arc-sur-tille\/?s={search_term_string}\"},\"query-input\":\"required name=search_term_string\"}],\"inLanguage\":\"fr-FR\"}]}<\/script>\n<!-- \/ Yoast SEO plugin. -->","yoast_head_json":{"title":"Ost\u00e9opathie pour Enfants\/adolescents - P\u00f4le Equilibre&Sant\u00e9 de C\u00f4te d'Or","description":"Ost\u00e9opathie pour Enfants\/adolescents : L\u2019enfance et la pubert\u00e9 sont les p\u00e9riodes o\u00f9 l\u2019on fait nos premiers pas, nos premi\u00e8res chutes, nos premi\u00e8res exp\u00e9riences, nos premi\u00e8res activit\u00e9s sportives","robots":{"index":"index","follow":"follow","max-snippet":"max-snippet:-1","max-image-preview":"max-image-preview:large","max-video-preview":"max-video-preview:-1"},"canonical":"https:\/\/pes-cotedor.fr\/arc-sur-tille\/osteopathie-pour-enfants-adolescents\/","og_locale":"fr_FR","og_type":"article","og_title":"Ost\u00e9opathie pour Enfants\/adolescents - P\u00f4le Equilibre&Sant\u00e9 de C\u00f4te d'Or","og_description":"Ost\u00e9opathie pour Enfants\/adolescents : L\u2019enfance et la pubert\u00e9 sont les p\u00e9riodes o\u00f9 l\u2019on fait nos premiers pas, nos premi\u00e8res chutes, nos premi\u00e8res exp\u00e9riences, nos premi\u00e8res activit\u00e9s sportives","og_url":"https:\/\/pes-cotedor.fr\/arc-sur-tille\/osteopathie-pour-enfants-adolescents\/","og_site_name":"P\u00f4le Equilibre&amp;Sant\u00e9 d&#039;Arc-sur-Tille","article_modified_time":"2017-06-06T16:19:56+00:00","twitter_card":"summary_large_image","twitter_misc":{"Dur\u00e9e de lecture estim\u00e9e":"2 minutes"},"schema":{"@context":"https:\/\/schema.org","@graph":[{"@type":"WebPage","@id":"https:\/\/pes-cotedor.fr\/arc-sur-tille\/osteopathie-pour-enfants-adolescents\/","url":"https:\/\/pes-cotedor.fr\/arc-sur-tille\/osteopathie-pour-enfants-adolescents\/","name":"Ost\u00e9opathie pour Enfants\/adolescents - P\u00f4le Equilibre&Sant\u00e9 de C\u00f4te d'Or","isPartOf":{"@id":"https:\/\/pes-cotedor.fr\/arc-sur-tille\/#website"},"datePublished":"2013-12-22T21:08:12+00:00","dateModified":"2017-06-06T16:19:56+00:00","description":"Ost\u00e9opathie pour Enfants\/adolescents : L\u2019enfance et la pubert\u00e9 sont les p\u00e9riodes o\u00f9 l\u2019on fait nos premiers pas, nos premi\u00e8res chutes, nos premi\u00e8res exp\u00e9riences, nos premi\u00e8res activit\u00e9s sportives","breadcrumb":{"@id":"https:\/\/pes-cotedor.fr\/arc-sur-tille\/osteopathie-pour-enfants-adolescents\/#breadcrumb"},"inLanguage":"fr-FR","potentialAction":[{"@type":"ReadAction","target":["https:\/\/pes-cotedor.fr\/arc-sur-tille\/osteopathie-pour-enfants-adolescents\/"]}]},{"@type":"BreadcrumbList","@id":"https:\/\/pes-cotedor.fr\/arc-sur-tille\/osteopathie-pour-enfants-adolescents\/#breadcrumb","itemListElement":[{"@type":"ListItem","position":1,"name":"Accueil","item":"https:\/\/pes-cotedor.fr\/arc-sur-tille\/"},{"@type":"ListItem","position":2,"name":"Ost\u00e9opathie pour Enfants\/adolescents"}]},{"@type":"WebSite","@id":"https:\/\/pes-cotedor.fr\/arc-sur-tille\/#website","url":"https:\/\/pes-cotedor.fr\/arc-sur-tille\/","name":"P\u00f4le Equilibre&amp;Sant\u00e9 d&#039;Arc-sur-Tille","description":"","potentialAction":[{"@type":"SearchAction","target":{"@type":"EntryPoint","urlTemplate":"https:\/\/pes-cotedor.fr\/arc-sur-tille\/?s={search_term_string}"},"query-input":"required name=search_term_string"}],"inLanguage":"fr-FR"}]}},"_links":{"self":[{"href":"https:\/\/pes-cotedor.fr\/arc-sur-tille\/wp-json\/wp\/v2\/pages\/58"}],"collection":[{"href":"https:\/\/pes-cotedor.fr\/arc-sur-tille\/wp-json\/wp\/v2\/pages"}],"about":[{"href":"https:\/\/pes-cotedor.fr\/arc-sur-tille\/wp-json\/wp\/v2\/types\/page"}],"author":[{"embeddable":true,"href":"https:\/\/pes-cotedor.fr\/arc-sur-tille\/wp-json\/wp\/v2\/users\/1"}],"replies":[{"embeddable":true,"href":"https:\/\/pes-cotedor.fr\/arc-sur-tille\/wp-json\/wp\/v2\/comments?post=58"}],"version-history":[{"count":3,"href":"https:\/\/pes-cotedor.fr\/arc-sur-tille\/wp-json\/wp\/v2\/pages\/58\/revisions"}],"predecessor-version":[{"id":277,"href":"https:\/\/pes-cotedor.fr\/arc-sur-tille\/wp-json\/wp\/v2\/pages\/58\/revisions\/277"}],"wp:attachment":[{"href":"https:\/\/pes-cotedor.fr\/arc-sur-tille\/wp-json\/wp\/v2\/media?parent=58"}],"curies":[{"name":"wp","href":"https:\/\/api.w.org\/{rel}","templated":true}]}}