{"id":60,"date":"2013-12-22T22:09:41","date_gmt":"2013-12-22T21:09:41","guid":{"rendered":"https:\/\/pes-cotedor.fr\/arc-sur-tille\/?page_id=60"},"modified":"2022-12-03T19:28:49","modified_gmt":"2022-12-03T18:28:49","slug":"osteopathie-pour-adultes","status":"publish","type":"page","link":"https:\/\/pes-cotedor.fr\/arc-sur-tille\/osteopathie-pour-adultes\/","title":{"rendered":"Ost\u00e9opathie pour Adultes"},"content":{"rendered":"<div class=\"fusion-fullwidth fullwidth-box fusion-builder-row-1 nonhundred-percent-fullwidth non-hundred-percent-height-scrolling\" style=\"--awb-border-radius-top-left:0px;--awb-border-radius-top-right:0px;--awb-border-radius-bottom-right:0px;--awb-border-radius-bottom-left:0px;\" ><div class=\"fusion-builder-row fusion-row\"><div class=\"fusion-layout-column fusion_builder_column fusion-builder-column-0 fusion_builder_column_1_1 1_1 fusion-one-full fusion-column-first fusion-column-last\" style=\"--awb-bg-size:cover;--awb-margin-top:0px;--awb-margin-bottom:0px;\"><div class=\"fusion-column-wrapper fusion-flex-column-wrapper-legacy\"><div class=\"fusion-title title fusion-title-1 fusion-title-center fusion-title-text fusion-title-size-one\"><div class=\"title-sep-container title-sep-container-left\"><div class=\"title-sep sep-double sep-solid\" style=\"border-color:#e0dede;\"><\/div><\/div><span class=\"awb-title-spacer\"><\/span><h1 class=\"title-heading-center fusion-responsive-typography-calculated\" style=\"margin:0;--fontSize:34;line-height:1.41;\">Ost\u00e9opathie pour Adultes<\/h1><span class=\"awb-title-spacer\"><\/span><div class=\"title-sep-container title-sep-container-right\"><div class=\"title-sep sep-double sep-solid\" style=\"border-color:#e0dede;\"><\/div><\/div><\/div><div class=\"fusion-text fusion-text-1\"><div>\n<p style=\"text-align: justify;\"><span lang=\"FR\">Cette \u00e9tape est la plus longue de notre vie. <\/span><\/p>\n<\/div>\n<div style=\"text-align: justify;\">\n<p><span lang=\"FR\">\u00c0 l\u2019\u00e2ge adulte, un <\/span><b><span lang=\"FR\">suivi r\u00e9gulier<\/span><\/b><span lang=\"FR\"> (en moyenne 1 s\u00e9ance\/an) est tout autant n\u00e9cessaire qu\u2019\u00e0 toutes les autres p\u00e9riodes de notre vie. <\/span><\/p>\n<\/div>\n<div style=\"text-align: justify;\">\n<p><span lang=\"FR\">En effet, lors de notre quotidien, notre corps subit des contraintes professionnelles, sociales et personnelles. Une accumulation de ces ph\u00e9nom\u00e8nes peut provoquer des tensions et des blocages ayant des r\u00e9percussions plus ou moins importantes sur notre sant\u00e9 mentale et physique. <\/span><\/p>\n<\/div>\n<div style=\"text-align: justify;\">\n<p><span lang=\"FR\">Chaque personne a sa propre capacit\u00e9 d\u2019adaptations li\u00e9es \u00e0 ces contraintes, mais lorsque nous atteignons notre limite, nous nous retrouvons dans une situation o\u00f9 le corps n\u2019arrive plus \u00e0 les g\u00e9rer et le moindre \u00ab\u00a0petit grain de sable\u00a0\u00bb peut engendrer de nombreux probl\u00e8mes. Donc, c\u2019est \u00e0 ce moment que nous nous retrouvons avec des douleurs de plus en plus intenses, r\u00e9currentes et persistantes et\/ou avec des \u00ab\u00a0blocages\u00a0\u00bb aigus (par exemple : lumbago, torticolis, c\u00e9phal\u00e9es, troubles digestifs, \u2026).<\/span><\/p>\n<\/div>\n<div style=\"text-align: justify;\">\n<p><span lang=\"FR\">C\u2019est pour cela qu\u2019il peut \u00eatre int\u00e9ressant de consulter en <\/span><b><span lang=\"FR\">pr\u00e9vention<\/span><\/b><span lang=\"FR\">, m\u00eame si vous ne ressentez pas de probl\u00e8mes particuliers.<\/span><\/p>\n<\/div>\n<div>\n<p style=\"text-align: justify;\"><u><span lang=\"FR\">N.B<\/span><\/u><span lang=\"FR\">\u00a0: <i>\u00ab\u00a0Pensez \u00e0 prendre soin de vous\u00a0! Trop de patients ne prennent pas de temps pour s\u2019occuper d\u2019eux car ils pr\u00e9f\u00e8rent faire passer le bien-\u00eatre de leurs proches avant le leur. Mais n\u2019oubliez pas que s\u2019il vous arrive le moindre probl\u00e8me, vous ne serez plus en capacit\u00e9 de prendre soin d\u2019eux. Donc la premi\u00e8re chose \u00e0 faire pour bien prendre soin des autres est de bien s\u2019occuper de soi en premier.\u00a0\u00bb<\/i>\u00a0<\/span><\/p>\n<\/div>\n<\/div><div class=\"fusion-clearfix\"><\/div><\/div><\/div><\/div><\/div>\n","protected":false},"excerpt":{"rendered":"","protected":false},"author":1,"featured_media":0,"parent":0,"menu_order":0,"comment_status":"open","ping_status":"open","template":"","meta":[],"yoast_head":"<!-- This site is optimized with the Yoast SEO plugin v19.13 - https:\/\/yoast.com\/wordpress\/plugins\/seo\/ -->\n<title>Ost\u00e9opathie pour Adultes - P\u00f4le Equilibre&amp;Sant\u00e9 de C\u00f4te d&#039;Or<\/title>\n<meta name=\"description\" content=\"Ost\u00e9opathie pour Adultes : Tout au long de cette p\u00e9riode notre corps subit des contraintes professionnelles, sociales et personnelles. Ceci peut engendrer de nombreux troubles\" \/>\n<meta name=\"robots\" content=\"index, follow, max-snippet:-1, max-image-preview:large, max-video-preview:-1\" \/>\n<link rel=\"canonical\" href=\"https:\/\/pes-cotedor.fr\/arc-sur-tille\/osteopathie-pour-adultes\/\" \/>\n<meta property=\"og:locale\" content=\"fr_FR\" \/>\n<meta property=\"og:type\" content=\"article\" \/>\n<meta property=\"og:title\" content=\"Ost\u00e9opathie pour Adultes - P\u00f4le Equilibre&amp;Sant\u00e9 de C\u00f4te d&#039;Or\" \/>\n<meta property=\"og:description\" content=\"Ost\u00e9opathie pour Adultes : Tout au long de cette p\u00e9riode notre corps subit des contraintes professionnelles, sociales et personnelles. Ceci peut engendrer de nombreux troubles\" \/>\n<meta property=\"og:url\" content=\"https:\/\/pes-cotedor.fr\/arc-sur-tille\/osteopathie-pour-adultes\/\" \/>\n<meta property=\"og:site_name\" content=\"P\u00f4le Equilibre&amp;Sant\u00e9 d&#039;Arc-sur-Tille\" \/>\n<meta property=\"article:modified_time\" content=\"2022-12-03T18:28:49+00:00\" \/>\n<meta name=\"twitter:card\" content=\"summary_large_image\" \/>\n<meta name=\"twitter:label1\" content=\"Dur\u00e9e de lecture estim\u00e9e\" \/>\n\t<meta name=\"twitter:data1\" content=\"1 minute\" \/>\n<script type=\"application\/ld+json\" class=\"yoast-schema-graph\">{\"@context\":\"https:\/\/schema.org\",\"@graph\":[{\"@type\":\"WebPage\",\"@id\":\"https:\/\/pes-cotedor.fr\/arc-sur-tille\/osteopathie-pour-adultes\/\",\"url\":\"https:\/\/pes-cotedor.fr\/arc-sur-tille\/osteopathie-pour-adultes\/\",\"name\":\"Ost\u00e9opathie pour Adultes - P\u00f4le Equilibre&Sant\u00e9 de C\u00f4te d'Or\",\"isPartOf\":{\"@id\":\"https:\/\/pes-cotedor.fr\/arc-sur-tille\/#website\"},\"datePublished\":\"2013-12-22T21:09:41+00:00\",\"dateModified\":\"2022-12-03T18:28:49+00:00\",\"description\":\"Ost\u00e9opathie pour Adultes : Tout au long de cette p\u00e9riode notre corps subit des contraintes professionnelles, sociales et personnelles. Ceci peut engendrer de nombreux troubles\",\"breadcrumb\":{\"@id\":\"https:\/\/pes-cotedor.fr\/arc-sur-tille\/osteopathie-pour-adultes\/#breadcrumb\"},\"inLanguage\":\"fr-FR\",\"potentialAction\":[{\"@type\":\"ReadAction\",\"target\":[\"https:\/\/pes-cotedor.fr\/arc-sur-tille\/osteopathie-pour-adultes\/\"]}]},{\"@type\":\"BreadcrumbList\",\"@id\":\"https:\/\/pes-cotedor.fr\/arc-sur-tille\/osteopathie-pour-adultes\/#breadcrumb\",\"itemListElement\":[{\"@type\":\"ListItem\",\"position\":1,\"name\":\"Accueil\",\"item\":\"https:\/\/pes-cotedor.fr\/arc-sur-tille\/\"},{\"@type\":\"ListItem\",\"position\":2,\"name\":\"Ost\u00e9opathie pour Adultes\"}]},{\"@type\":\"WebSite\",\"@id\":\"https:\/\/pes-cotedor.fr\/arc-sur-tille\/#website\",\"url\":\"https:\/\/pes-cotedor.fr\/arc-sur-tille\/\",\"name\":\"P\u00f4le Equilibre&amp;Sant\u00e9 d&#039;Arc-sur-Tille\",\"description\":\"\",\"potentialAction\":[{\"@type\":\"SearchAction\",\"target\":{\"@type\":\"EntryPoint\",\"urlTemplate\":\"https:\/\/pes-cotedor.fr\/arc-sur-tille\/?s={search_term_string}\"},\"query-input\":\"required name=search_term_string\"}],\"inLanguage\":\"fr-FR\"}]}<\/script>\n<!-- \/ Yoast SEO plugin. -->","yoast_head_json":{"title":"Ost\u00e9opathie pour Adultes - P\u00f4le Equilibre&Sant\u00e9 de C\u00f4te d'Or","description":"Ost\u00e9opathie pour Adultes : Tout au long de cette p\u00e9riode notre corps subit des contraintes professionnelles, sociales et personnelles. Ceci peut engendrer de nombreux troubles","robots":{"index":"index","follow":"follow","max-snippet":"max-snippet:-1","max-image-preview":"max-image-preview:large","max-video-preview":"max-video-preview:-1"},"canonical":"https:\/\/pes-cotedor.fr\/arc-sur-tille\/osteopathie-pour-adultes\/","og_locale":"fr_FR","og_type":"article","og_title":"Ost\u00e9opathie pour Adultes - P\u00f4le Equilibre&Sant\u00e9 de C\u00f4te d'Or","og_description":"Ost\u00e9opathie pour Adultes : Tout au long de cette p\u00e9riode notre corps subit des contraintes professionnelles, sociales et personnelles. Ceci peut engendrer de nombreux troubles","og_url":"https:\/\/pes-cotedor.fr\/arc-sur-tille\/osteopathie-pour-adultes\/","og_site_name":"P\u00f4le Equilibre&amp;Sant\u00e9 d&#039;Arc-sur-Tille","article_modified_time":"2022-12-03T18:28:49+00:00","twitter_card":"summary_large_image","twitter_misc":{"Dur\u00e9e de lecture estim\u00e9e":"1 minute"},"schema":{"@context":"https:\/\/schema.org","@graph":[{"@type":"WebPage","@id":"https:\/\/pes-cotedor.fr\/arc-sur-tille\/osteopathie-pour-adultes\/","url":"https:\/\/pes-cotedor.fr\/arc-sur-tille\/osteopathie-pour-adultes\/","name":"Ost\u00e9opathie pour Adultes - P\u00f4le Equilibre&Sant\u00e9 de C\u00f4te d'Or","isPartOf":{"@id":"https:\/\/pes-cotedor.fr\/arc-sur-tille\/#website"},"datePublished":"2013-12-22T21:09:41+00:00","dateModified":"2022-12-03T18:28:49+00:00","description":"Ost\u00e9opathie pour Adultes : Tout au long de cette p\u00e9riode notre corps subit des contraintes professionnelles, sociales et personnelles. Ceci peut engendrer de nombreux troubles","breadcrumb":{"@id":"https:\/\/pes-cotedor.fr\/arc-sur-tille\/osteopathie-pour-adultes\/#breadcrumb"},"inLanguage":"fr-FR","potentialAction":[{"@type":"ReadAction","target":["https:\/\/pes-cotedor.fr\/arc-sur-tille\/osteopathie-pour-adultes\/"]}]},{"@type":"BreadcrumbList","@id":"https:\/\/pes-cotedor.fr\/arc-sur-tille\/osteopathie-pour-adultes\/#breadcrumb","itemListElement":[{"@type":"ListItem","position":1,"name":"Accueil","item":"https:\/\/pes-cotedor.fr\/arc-sur-tille\/"},{"@type":"ListItem","position":2,"name":"Ost\u00e9opathie pour Adultes"}]},{"@type":"WebSite","@id":"https:\/\/pes-cotedor.fr\/arc-sur-tille\/#website","url":"https:\/\/pes-cotedor.fr\/arc-sur-tille\/","name":"P\u00f4le Equilibre&amp;Sant\u00e9 d&#039;Arc-sur-Tille","description":"","potentialAction":[{"@type":"SearchAction","target":{"@type":"EntryPoint","urlTemplate":"https:\/\/pes-cotedor.fr\/arc-sur-tille\/?s={search_term_string}"},"query-input":"required name=search_term_string"}],"inLanguage":"fr-FR"}]}},"_links":{"self":[{"href":"https:\/\/pes-cotedor.fr\/arc-sur-tille\/wp-json\/wp\/v2\/pages\/60"}],"collection":[{"href":"https:\/\/pes-cotedor.fr\/arc-sur-tille\/wp-json\/wp\/v2\/pages"}],"about":[{"href":"https:\/\/pes-cotedor.fr\/arc-sur-tille\/wp-json\/wp\/v2\/types\/page"}],"author":[{"embeddable":true,"href":"https:\/\/pes-cotedor.fr\/arc-sur-tille\/wp-json\/wp\/v2\/users\/1"}],"replies":[{"embeddable":true,"href":"https:\/\/pes-cotedor.fr\/arc-sur-tille\/wp-json\/wp\/v2\/comments?post=60"}],"version-history":[{"count":3,"href":"https:\/\/pes-cotedor.fr\/arc-sur-tille\/wp-json\/wp\/v2\/pages\/60\/revisions"}],"predecessor-version":[{"id":354,"href":"https:\/\/pes-cotedor.fr\/arc-sur-tille\/wp-json\/wp\/v2\/pages\/60\/revisions\/354"}],"wp:attachment":[{"href":"https:\/\/pes-cotedor.fr\/arc-sur-tille\/wp-json\/wp\/v2\/media?parent=60"}],"curies":[{"name":"wp","href":"https:\/\/api.w.org\/{rel}","templated":true}]}}