{"id":62,"date":"2013-12-22T22:10:27","date_gmt":"2013-12-22T21:10:27","guid":{"rendered":"https:\/\/pes-cotedor.fr\/arc-sur-tille\/?page_id=62"},"modified":"2017-06-06T18:19:48","modified_gmt":"2017-06-06T16:19:48","slug":"osteopathie-pour-seniors","status":"publish","type":"page","link":"https:\/\/pes-cotedor.fr\/arc-sur-tille\/osteopathie-pour-seniors\/","title":{"rendered":"Ost\u00e9opathie pour Seniors"},"content":{"rendered":"<div class=\"fusion-fullwidth fullwidth-box fusion-builder-row-1 nonhundred-percent-fullwidth non-hundred-percent-height-scrolling\" style=\"--awb-border-radius-top-left:0px;--awb-border-radius-top-right:0px;--awb-border-radius-bottom-right:0px;--awb-border-radius-bottom-left:0px;\" ><div class=\"fusion-builder-row fusion-row\"><div class=\"fusion-layout-column fusion_builder_column fusion-builder-column-0 fusion_builder_column_1_1 1_1 fusion-one-full fusion-column-first fusion-column-last\" style=\"--awb-bg-size:cover;--awb-margin-top:0px;--awb-margin-bottom:0px;\"><div class=\"fusion-column-wrapper fusion-flex-column-wrapper-legacy\"><div class=\"fusion-title title fusion-title-1 fusion-title-center fusion-title-text fusion-title-size-one\"><div class=\"title-sep-container title-sep-container-left\"><div class=\"title-sep sep-double sep-solid\" style=\"border-color:#e0dede;\"><\/div><\/div><span class=\"awb-title-spacer\"><\/span><h1 class=\"title-heading-center fusion-responsive-typography-calculated\" style=\"margin:0;--fontSize:34;line-height:1.41;\">Ost\u00e9opathie pour Seniors<\/h1><span class=\"awb-title-spacer\"><\/span><div class=\"title-sep-container title-sep-container-right\"><div class=\"title-sep sep-double sep-solid\" style=\"border-color:#e0dede;\"><\/div><\/div><\/div><div class=\"fusion-text fusion-text-1\"><p style=\"text-align: justify;\">Les ann\u00e9es passent et nous ne pouvons \u00e9chapper aux effets du temps. Les articulations s\u2019enraidissent, les gestes du quotidien (insignifiants avant) peuvent devenir difficiles et douloureux. Dans un certain nombre de cas, l\u2019ost\u00e9opathie permet de ralentir, stabiliser, am\u00e9liorer la g\u00eane fonctionnelle et la douleur par des techniques adapt\u00e9es, de la plupart des ph\u00e9nom\u00e8nes d\u00e9g\u00e9n\u00e9ratifs b\u00e9nins dus\u00a0 \u00e0 l\u2019\u00e2ge et \u00e0 la s\u00e9dentarit\u00e9.<\/p>\n<\/div><div class=\"fusion-clearfix\"><\/div><\/div><\/div><\/div><\/div>\n","protected":false},"excerpt":{"rendered":"","protected":false},"author":1,"featured_media":0,"parent":0,"menu_order":0,"comment_status":"open","ping_status":"open","template":"","meta":[],"yoast_head":"<!-- This site is optimized with the Yoast SEO plugin v19.13 - https:\/\/yoast.com\/wordpress\/plugins\/seo\/ -->\n<title>Ost\u00e9opathie pour Seniors - P\u00f4le Equilibre&amp;Sant\u00e9 de C\u00f4te d&#039;Or<\/title>\n<meta name=\"description\" content=\"Ost\u00e9opathie pour Seniors : Les ann\u00e9es passent et dans un certain nombre de cas, l\u2019ost\u00e9opathie permet de ralentir, stabiliser, am\u00e9liorer la g\u00eane fonctionnelle\" \/>\n<meta name=\"robots\" content=\"index, follow, max-snippet:-1, max-image-preview:large, max-video-preview:-1\" \/>\n<link rel=\"canonical\" href=\"https:\/\/pes-cotedor.fr\/arc-sur-tille\/osteopathie-pour-seniors\/\" \/>\n<meta property=\"og:locale\" content=\"fr_FR\" \/>\n<meta property=\"og:type\" content=\"article\" \/>\n<meta property=\"og:title\" content=\"Ost\u00e9opathie pour Seniors - P\u00f4le Equilibre&amp;Sant\u00e9 de C\u00f4te d&#039;Or\" \/>\n<meta property=\"og:description\" content=\"Ost\u00e9opathie pour Seniors : Les ann\u00e9es passent et dans un certain nombre de cas, l\u2019ost\u00e9opathie permet de ralentir, stabiliser, am\u00e9liorer la g\u00eane fonctionnelle\" \/>\n<meta property=\"og:url\" content=\"https:\/\/pes-cotedor.fr\/arc-sur-tille\/osteopathie-pour-seniors\/\" \/>\n<meta property=\"og:site_name\" content=\"P\u00f4le Equilibre&amp;Sant\u00e9 d&#039;Arc-sur-Tille\" \/>\n<meta property=\"article:modified_time\" content=\"2017-06-06T16:19:48+00:00\" \/>\n<meta name=\"twitter:card\" content=\"summary_large_image\" \/>\n<meta name=\"twitter:label1\" content=\"Dur\u00e9e de lecture estim\u00e9e\" \/>\n\t<meta name=\"twitter:data1\" content=\"1 minute\" \/>\n<script type=\"application\/ld+json\" class=\"yoast-schema-graph\">{\"@context\":\"https:\/\/schema.org\",\"@graph\":[{\"@type\":\"WebPage\",\"@id\":\"https:\/\/pes-cotedor.fr\/arc-sur-tille\/osteopathie-pour-seniors\/\",\"url\":\"https:\/\/pes-cotedor.fr\/arc-sur-tille\/osteopathie-pour-seniors\/\",\"name\":\"Ost\u00e9opathie pour Seniors - P\u00f4le Equilibre&Sant\u00e9 de C\u00f4te d'Or\",\"isPartOf\":{\"@id\":\"https:\/\/pes-cotedor.fr\/arc-sur-tille\/#website\"},\"datePublished\":\"2013-12-22T21:10:27+00:00\",\"dateModified\":\"2017-06-06T16:19:48+00:00\",\"description\":\"Ost\u00e9opathie pour Seniors : Les ann\u00e9es passent et dans un certain nombre de cas, l\u2019ost\u00e9opathie permet de ralentir, stabiliser, am\u00e9liorer la g\u00eane fonctionnelle\",\"breadcrumb\":{\"@id\":\"https:\/\/pes-cotedor.fr\/arc-sur-tille\/osteopathie-pour-seniors\/#breadcrumb\"},\"inLanguage\":\"fr-FR\",\"potentialAction\":[{\"@type\":\"ReadAction\",\"target\":[\"https:\/\/pes-cotedor.fr\/arc-sur-tille\/osteopathie-pour-seniors\/\"]}]},{\"@type\":\"BreadcrumbList\",\"@id\":\"https:\/\/pes-cotedor.fr\/arc-sur-tille\/osteopathie-pour-seniors\/#breadcrumb\",\"itemListElement\":[{\"@type\":\"ListItem\",\"position\":1,\"name\":\"Accueil\",\"item\":\"https:\/\/pes-cotedor.fr\/arc-sur-tille\/\"},{\"@type\":\"ListItem\",\"position\":2,\"name\":\"Ost\u00e9opathie pour Seniors\"}]},{\"@type\":\"WebSite\",\"@id\":\"https:\/\/pes-cotedor.fr\/arc-sur-tille\/#website\",\"url\":\"https:\/\/pes-cotedor.fr\/arc-sur-tille\/\",\"name\":\"P\u00f4le Equilibre&amp;Sant\u00e9 d&#039;Arc-sur-Tille\",\"description\":\"\",\"potentialAction\":[{\"@type\":\"SearchAction\",\"target\":{\"@type\":\"EntryPoint\",\"urlTemplate\":\"https:\/\/pes-cotedor.fr\/arc-sur-tille\/?s={search_term_string}\"},\"query-input\":\"required name=search_term_string\"}],\"inLanguage\":\"fr-FR\"}]}<\/script>\n<!-- \/ Yoast SEO plugin. -->","yoast_head_json":{"title":"Ost\u00e9opathie pour Seniors - P\u00f4le Equilibre&Sant\u00e9 de C\u00f4te d'Or","description":"Ost\u00e9opathie pour Seniors : Les ann\u00e9es passent et dans un certain nombre de cas, l\u2019ost\u00e9opathie permet de ralentir, stabiliser, am\u00e9liorer la g\u00eane fonctionnelle","robots":{"index":"index","follow":"follow","max-snippet":"max-snippet:-1","max-image-preview":"max-image-preview:large","max-video-preview":"max-video-preview:-1"},"canonical":"https:\/\/pes-cotedor.fr\/arc-sur-tille\/osteopathie-pour-seniors\/","og_locale":"fr_FR","og_type":"article","og_title":"Ost\u00e9opathie pour Seniors - P\u00f4le Equilibre&Sant\u00e9 de C\u00f4te d'Or","og_description":"Ost\u00e9opathie pour Seniors : Les ann\u00e9es passent et dans un certain nombre de cas, l\u2019ost\u00e9opathie permet de ralentir, stabiliser, am\u00e9liorer la g\u00eane fonctionnelle","og_url":"https:\/\/pes-cotedor.fr\/arc-sur-tille\/osteopathie-pour-seniors\/","og_site_name":"P\u00f4le Equilibre&amp;Sant\u00e9 d&#039;Arc-sur-Tille","article_modified_time":"2017-06-06T16:19:48+00:00","twitter_card":"summary_large_image","twitter_misc":{"Dur\u00e9e de lecture estim\u00e9e":"1 minute"},"schema":{"@context":"https:\/\/schema.org","@graph":[{"@type":"WebPage","@id":"https:\/\/pes-cotedor.fr\/arc-sur-tille\/osteopathie-pour-seniors\/","url":"https:\/\/pes-cotedor.fr\/arc-sur-tille\/osteopathie-pour-seniors\/","name":"Ost\u00e9opathie pour Seniors - P\u00f4le Equilibre&Sant\u00e9 de C\u00f4te d'Or","isPartOf":{"@id":"https:\/\/pes-cotedor.fr\/arc-sur-tille\/#website"},"datePublished":"2013-12-22T21:10:27+00:00","dateModified":"2017-06-06T16:19:48+00:00","description":"Ost\u00e9opathie pour Seniors : Les ann\u00e9es passent et dans un certain nombre de cas, l\u2019ost\u00e9opathie permet de ralentir, stabiliser, am\u00e9liorer la g\u00eane fonctionnelle","breadcrumb":{"@id":"https:\/\/pes-cotedor.fr\/arc-sur-tille\/osteopathie-pour-seniors\/#breadcrumb"},"inLanguage":"fr-FR","potentialAction":[{"@type":"ReadAction","target":["https:\/\/pes-cotedor.fr\/arc-sur-tille\/osteopathie-pour-seniors\/"]}]},{"@type":"BreadcrumbList","@id":"https:\/\/pes-cotedor.fr\/arc-sur-tille\/osteopathie-pour-seniors\/#breadcrumb","itemListElement":[{"@type":"ListItem","position":1,"name":"Accueil","item":"https:\/\/pes-cotedor.fr\/arc-sur-tille\/"},{"@type":"ListItem","position":2,"name":"Ost\u00e9opathie pour Seniors"}]},{"@type":"WebSite","@id":"https:\/\/pes-cotedor.fr\/arc-sur-tille\/#website","url":"https:\/\/pes-cotedor.fr\/arc-sur-tille\/","name":"P\u00f4le Equilibre&amp;Sant\u00e9 d&#039;Arc-sur-Tille","description":"","potentialAction":[{"@type":"SearchAction","target":{"@type":"EntryPoint","urlTemplate":"https:\/\/pes-cotedor.fr\/arc-sur-tille\/?s={search_term_string}"},"query-input":"required name=search_term_string"}],"inLanguage":"fr-FR"}]}},"_links":{"self":[{"href":"https:\/\/pes-cotedor.fr\/arc-sur-tille\/wp-json\/wp\/v2\/pages\/62"}],"collection":[{"href":"https:\/\/pes-cotedor.fr\/arc-sur-tille\/wp-json\/wp\/v2\/pages"}],"about":[{"href":"https:\/\/pes-cotedor.fr\/arc-sur-tille\/wp-json\/wp\/v2\/types\/page"}],"author":[{"embeddable":true,"href":"https:\/\/pes-cotedor.fr\/arc-sur-tille\/wp-json\/wp\/v2\/users\/1"}],"replies":[{"embeddable":true,"href":"https:\/\/pes-cotedor.fr\/arc-sur-tille\/wp-json\/wp\/v2\/comments?post=62"}],"version-history":[{"count":3,"href":"https:\/\/pes-cotedor.fr\/arc-sur-tille\/wp-json\/wp\/v2\/pages\/62\/revisions"}],"predecessor-version":[{"id":276,"href":"https:\/\/pes-cotedor.fr\/arc-sur-tille\/wp-json\/wp\/v2\/pages\/62\/revisions\/276"}],"wp:attachment":[{"href":"https:\/\/pes-cotedor.fr\/arc-sur-tille\/wp-json\/wp\/v2\/media?parent=62"}],"curies":[{"name":"wp","href":"https:\/\/api.w.org\/{rel}","templated":true}]}}